{"id":1757,"date":"2023-05-07T12:10:29","date_gmt":"2023-05-07T10:10:29","guid":{"rendered":"https:\/\/prostoznieba.eu\/?page_id=1757"},"modified":"2023-05-07T12:56:56","modified_gmt":"2023-05-07T10:56:56","slug":"blog","status":"publish","type":"page","link":"https:\/\/prostoznieba.eu\/?page_id=1757","title":{"rendered":"Blog"},"content":{"rendered":"\n<div class=\"section-wrapper advgb-dyn-c967ff46\" data-id=\"tsmHZ4\"><section class=\"wp-block-gutenverse-section guten-element guten-section guten-tsmHZ4 layout-boxed align-stretch\"><div class=\"guten-background-overlay\"><\/div><div class=\"guten-shape-divider guten-shape-divider-top\"><\/div><div class=\"guten-shape-divider guten-shape-divider-bottom\"><\/div><div class=\"guten-container guten-column-gap-no\">\n<div class=\"wp-block-gutenverse-column guten-element guten-column guten-xjgZvR advgb-dyn-94bc1345\"><div class=\"guten-background-overlay\"><\/div><div class=\"sticky-wrapper\" data-id=\"xjgZvR\"><div class=\"guten-column-wrapper\">\n<h2 class=\"wp-block-gutenverse-heading guten-element guten-UefW26 animated guten-element-hide desktop-fadeInUp\"> News<\/h2>\n\n\n\n<h2 class=\"wp-block-gutenverse-heading guten-element guten-9g5KHA animated guten-element-hide desktop-fadeInUp\">Ostatnie wpisy<\/h2>\n\n\n\n<div class=\"section-wrapper advgb-dyn-cc43c4a8\" data-id=\"4kmGcg\"><section class=\"wp-block-gutenverse-section guten-element guten-section guten-4kmGcg layout-boxed align-stretch\"><div class=\"guten-background-overlay\"><\/div><div class=\"guten-shape-divider guten-shape-divider-top\"><\/div><div class=\"guten-shape-divider guten-shape-divider-bottom\"><\/div><div class=\"guten-container guten-column-gap-no\">\n<div class=\"wp-block-gutenverse-column guten-element guten-column guten-d1KZnM advgb-dyn-84ce10a0\"><div class=\"guten-background-overlay\"><\/div><div class=\"sticky-wrapper\" data-id=\"d1KZnM\"><div class=\"guten-column-wrapper\"><div  class=\"gutenverse guten-postblock postblock-type-2 guten-pagination-disable  post-element guten-qm1FVo\"  data-id=\"guten-qm1FVo\" data-settings=\"{&quot;elementId&quot;:&quot;guten-qm1FVo&quot;,&quot;numberPost&quot;:&quot;3&quot;,&quot;column&quot;:{&quot;Desktop&quot;:&quot;3&quot;,&quot;Tablet&quot;:&quot;1&quot;},&quot;includeCategory&quot;:[{&quot;label&quot;:&quot;blog&quot;,&quot;value&quot;:21}],&quot;sortBy&quot;:&quot;latest&quot;,&quot;categoryEnabled&quot;:false,&quot;excerptLength&quot;:&quot;14&quot;,&quot;readmoreIcon&quot;:&quot;gtn gtn-chevron-right-light&quot;,&quot;readmoreText&quot;:&quot;wi\\u0119cej..&quot;,&quot;metaAuthorEnabled&quot;:false,&quot;postblockType&quot;:&quot;type-2&quot;,&quot;postItemMargin&quot;:{&quot;Desktop&quot;:[]},&quot;postItemPadding&quot;:{&quot;Desktop&quot;:[]},&quot;postItemBorder&quot;:{&quot;radius&quot;:{&quot;Desktop&quot;:[]}},&quot;thumbnailRadius&quot;:{&quot;Desktop&quot;:[],&quot;Tablet&quot;:[]},&quot;paginationMargin&quot;:{&quot;Desktop&quot;:[]},&quot;paginationPadding&quot;:{&quot;Desktop&quot;:[]},&quot;paginationBorder&quot;:{&quot;radius&quot;:{&quot;Desktop&quot;:[]}},&quot;animation&quot;:{&quot;type&quot;:{&quot;Desktop&quot;:&quot;fadeInUp&quot;},&quot;duration&quot;:&quot;normal&quot;,&quot;delay&quot;:&quot;500&quot;},&quot;inheritQuery&quot;:true,&quot;postType&quot;:&quot;post&quot;,&quot;postOffset&quot;:0,&quot;excludeCurrentPost&quot;:false,&quot;includePost&quot;:[],&quot;excludePost&quot;:[],&quot;excludeCategory&quot;:[],&quot;includeAuthor&quot;:[],&quot;includeTag&quot;:[],&quot;excludeTag&quot;:[],&quot;htmlTag&quot;:&quot;h3&quot;,&quot;categoryPosition&quot;:&quot;center&quot;,&quot;excerptEnabled&quot;:true,&quot;excerptMore&quot;:&quot;...&quot;,&quot;readmoreEnabled&quot;:true,&quot;readmoreIconPosition&quot;:&quot;after&quot;,&quot;commentEnabled&quot;:false,&quot;commentIcon&quot;:&quot;fas fa-comment&quot;,&quot;commentIconPosition&quot;:&quot;before&quot;,&quot;metaEnabled&quot;:true,&quot;metaAuthorByText&quot;:&quot;by&quot;,&quot;metaAuthorIcon&quot;:&quot;fas fa-user&quot;,&quot;metaAuthorIconPosition&quot;:&quot;before&quot;,&quot;metaDateEnabled&quot;:true,&quot;metaDateType&quot;:&quot;published&quot;,&quot;metaDateFormat&quot;:&quot;default&quot;,&quot;metaDateFormatCustom&quot;:&quot;&quot;,&quot;metaDateIcon&quot;:&quot;fas fa-clock&quot;,&quot;metaDateIconPosition&quot;:&quot;before&quot;,&quot;breakpoint&quot;:&quot;tablet&quot;,&quot;noContentText&quot;:&quot;No Content&quot;,&quot;paginationMode&quot;:&quot;disable&quot;,&quot;paginationLoadmoreText&quot;:&quot;Load More&quot;,&quot;paginationLoadingText&quot;:&quot;Loading...&quot;,&quot;paginationNumberPost&quot;:3,&quot;paginationScrollLimit&quot;:0,&quot;paginationIcon&quot;:&quot;&quot;,&quot;paginationIconType&quot;:&quot;icon&quot;,&quot;paginationIconSVG&quot;:&quot;&quot;,&quot;paginationIconPosition&quot;:&quot;before&quot;,&quot;background&quot;:[],&quot;backgroundHover&quot;:[],&quot;paginationPrevNextText&quot;:true,&quot;paginationPrevText&quot;:&quot;Prev&quot;,&quot;paginationNextText&quot;:&quot;Next&quot;,&quot;paginationPrevIcon&quot;:&quot;fas fa-chevron-left&quot;,&quot;paginationPrevIconType&quot;:&quot;icon&quot;,&quot;paginationNextIcon&quot;:&quot;fas fa-chevron-right&quot;,&quot;paginationNextIconType&quot;:&quot;icon&quot;,&quot;contentOrder&quot;:[{&quot;label&quot;:&quot;Title&quot;,&quot;value&quot;:&quot;title&quot;},{&quot;label&quot;:&quot;Meta&quot;,&quot;value&quot;:&quot;meta&quot;},{&quot;label&quot;:&quot;Excerpt&quot;,&quot;value&quot;:&quot;excerpt&quot;},{&quot;label&quot;:&quot;Read More&quot;,&quot;value&quot;:&quot;read&quot;}],&quot;paginationLoadmoreAnimation&quot;:&quot;&quot;,&quot;paginationLoadmoreAnimationSequence&quot;:&quot;&quot;,&quot;paged&quot;:1,&quot;class&quot;:null}\"><div class=\"guten-block-container\">\n            <div class=\"guten-posts guten-ajax-flag\">\n            <article class=\"guten-post post-2386 post type-post status-publish format-standard has-post-thumbnail hentry category-blog category-wydarzenia tag-anna-architektura tag-raport-energetyczny-pazdziernik\">\n                    <div class=\"guten-thumb\"><a aria-label=\"Raport na Pa\u017adziernik Anna Architektura\" href=\"javascript:void(0);\" data-href=\"https:\/\/prostoznieba.eu\/?p=2386\"><div class=\"thumbnail-container \">\n            <img fetchpriority=\"high\" decoding=\"async\" loading=\"eager\"  width=\"800\" height=\"800\" src=\"https:\/\/prostoznieba.eu\/wp-content\/uploads\/2025\/05\/IMAGE-2025-05-12-205639.jpg\" class=\"attachment-full size-full wp-post-image\" alt=\"\" srcset=\"https:\/\/prostoznieba.eu\/wp-content\/uploads\/2025\/05\/IMAGE-2025-05-12-205639.jpg 800w, https:\/\/prostoznieba.eu\/wp-content\/uploads\/2025\/05\/IMAGE-2025-05-12-205639-300x300.jpg 300w, https:\/\/prostoznieba.eu\/wp-content\/uploads\/2025\/05\/IMAGE-2025-05-12-205639-150x150.jpg 150w, https:\/\/prostoznieba.eu\/wp-content\/uploads\/2025\/05\/IMAGE-2025-05-12-205639-768x768.jpg 768w\" sizes=\"(max-width: 800px) 100vw, 800px\" \/>\n\t\t\t<div class=\"guten-overlay\"><\/div>\n        <\/div><\/a><\/div>\n                    <div class=\"guten-postblock-content\"><h3 class=\"guten-post-title\">\n\t\t\t\t\t\t\t<a aria-label=\"Raport na Pa\u017adziernik Anna Architektura\" href=\"javascript:void(0);\" data-href=\"https:\/\/prostoznieba.eu\/?p=2386\">Raport na Pa\u017adziernik Anna Architektura<\/a>\n\t\t\t\t\t\t<\/h3><div class=\"guten-post-meta\"><div class=\"guten-meta-date icon-position-before\"><i aria-hidden=\"true\" class=\"fas fa-clock\"><\/i>2025-09-30<\/div><\/div><div class=\"guten-post-excerpt\"><p>Poni\u017cej przedstawiam Wam moje t\u0142umaczenie Raportu Ani Architektury na miesi\u0105c pa\u017cdziernik 2025. Raport jest&#8230;<\/p><\/div><div class=\"guten-post-meta-bottom\">\n\t\t\t\t\t\t\t<div class=\"guten-meta-readmore icon-position-after\">\n                <a aria-label=\"Read more about Raport na Pa\u017adziernik Anna Architektura\" href=\"javascript:void(0);\" data-href=\"https:\/\/prostoznieba.eu\/?p=2386\" class=\"guten-readmore\">wi\u0119cej..<i aria-hidden=\"true\" class=\"gtn gtn-chevron-right-light\"><\/i><\/a>\n            <\/div>\n\t\t\t\t\t\t<\/div><\/div>\n                <\/article><article class=\"guten-post post-2379 post type-post status-publish format-standard has-post-thumbnail hentry category-blog category-wydarzenia tag-aneta-zinkiewicz tag-hipnoza-regresyjna tag-konsultacje-energetyczne tag-odprowadzanie-dusz tag-pogotowie-energetyczne tag-prawda tag-sesje-badawcze tag-wglady-duchowe\">\n                    <div class=\"guten-thumb\"><a aria-label=\"Pogotowie energetyczne albo szybkie konsultacje\" href=\"javascript:void(0);\" data-href=\"https:\/\/prostoznieba.eu\/?p=2379\"><div class=\"thumbnail-container \">\n            <img fetchpriority=\"high\" decoding=\"async\" loading=\"eager\"  width=\"800\" height=\"800\" src=\"https:\/\/prostoznieba.eu\/wp-content\/uploads\/2025\/05\/IMAGE-2025-05-12-205639.jpg\" class=\"attachment-full size-full wp-post-image\" alt=\"\" srcset=\"https:\/\/prostoznieba.eu\/wp-content\/uploads\/2025\/05\/IMAGE-2025-05-12-205639.jpg 800w, https:\/\/prostoznieba.eu\/wp-content\/uploads\/2025\/05\/IMAGE-2025-05-12-205639-300x300.jpg 300w, https:\/\/prostoznieba.eu\/wp-content\/uploads\/2025\/05\/IMAGE-2025-05-12-205639-150x150.jpg 150w, https:\/\/prostoznieba.eu\/wp-content\/uploads\/2025\/05\/IMAGE-2025-05-12-205639-768x768.jpg 768w\" sizes=\"(max-width: 800px) 100vw, 800px\" \/>\n\t\t\t<div class=\"guten-overlay\"><\/div>\n        <\/div><\/a><\/div>\n                    <div class=\"guten-postblock-content\"><h3 class=\"guten-post-title\">\n\t\t\t\t\t\t\t<a aria-label=\"Pogotowie energetyczne albo szybkie konsultacje\" href=\"javascript:void(0);\" data-href=\"https:\/\/prostoznieba.eu\/?p=2379\">Pogotowie energetyczne albo szybkie konsultacje<\/a>\n\t\t\t\t\t\t<\/h3><div class=\"guten-post-meta\"><div class=\"guten-meta-date icon-position-before\"><i aria-hidden=\"true\" class=\"fas fa-clock\"><\/i>2025-08-05<\/div><\/div><div class=\"guten-post-excerpt\"><p>Pogotowie energetyczne albo szybkie konsultacje Opis us\u0142ugi: Pogotowie energetyczne: gdy sytuacja wynika nagle i&#8230;<\/p><\/div><div class=\"guten-post-meta-bottom\">\n\t\t\t\t\t\t\t<div class=\"guten-meta-readmore icon-position-after\">\n                <a aria-label=\"Read more about Pogotowie energetyczne albo szybkie konsultacje\" href=\"javascript:void(0);\" data-href=\"https:\/\/prostoznieba.eu\/?p=2379\" class=\"guten-readmore\">wi\u0119cej..<i aria-hidden=\"true\" class=\"gtn gtn-chevron-right-light\"><\/i><\/a>\n            <\/div>\n\t\t\t\t\t\t<\/div><\/div>\n                <\/article><article class=\"guten-post post-2366 post type-post status-publish format-standard has-post-thumbnail hentry category-blog category-wydarzenia tag-aneta-zinkiewicz tag-calo-grifasi tag-co-sie-dzieje-po-smierci tag-drzewo-zycia tag-hipnoza-regresyjna tag-karma tag-krysztal-duszy tag-odczyt-duszy tag-plan-duszy tag-regresja-hipnotyczna tag-reinkarnacja tag-sesja-badawcza tag-sesja-telaptyczna tag-zwiazki-karmiczne\">\n                    <div class=\"guten-thumb\"><a aria-label=\"Praca z wahad\u0142ami\" href=\"javascript:void(0);\" data-href=\"https:\/\/prostoznieba.eu\/?p=2366\"><div class=\"thumbnail-container \">\n            <img decoding=\"async\" loading=\"eager\"  width=\"1280\" height=\"720\" src=\"https:\/\/prostoznieba.eu\/wp-content\/uploads\/2025\/06\/wahadla-2.png\" class=\"attachment-full size-full wp-post-image\" alt=\"\" srcset=\"https:\/\/prostoznieba.eu\/wp-content\/uploads\/2025\/06\/wahadla-2.png 1280w, https:\/\/prostoznieba.eu\/wp-content\/uploads\/2025\/06\/wahadla-2-300x169.png 300w, https:\/\/prostoznieba.eu\/wp-content\/uploads\/2025\/06\/wahadla-2-1024x576.png 1024w, https:\/\/prostoznieba.eu\/wp-content\/uploads\/2025\/06\/wahadla-2-768x432.png 768w\" sizes=\"(max-width: 1280px) 100vw, 1280px\" \/>\n\t\t\t<div class=\"guten-overlay\"><\/div>\n        <\/div><\/a><\/div>\n                    <div class=\"guten-postblock-content\"><h3 class=\"guten-post-title\">\n\t\t\t\t\t\t\t<a aria-label=\"Praca z wahad\u0142ami\" href=\"javascript:void(0);\" data-href=\"https:\/\/prostoznieba.eu\/?p=2366\">Praca z wahad\u0142ami<\/a>\n\t\t\t\t\t\t<\/h3><div class=\"guten-post-meta\"><div class=\"guten-meta-date icon-position-before\"><i aria-hidden=\"true\" class=\"fas fa-clock\"><\/i>2025-06-22<\/div><\/div><div class=\"guten-post-excerpt\"><p>I znowu Jestem \ufe0f\ufe0f\ufe0f\ufe0f\ufe0f co to za czas, \u017ce tak otwieram si\u0119 przed Wami&#8230;<\/p><\/div><div class=\"guten-post-meta-bottom\">\n\t\t\t\t\t\t\t<div class=\"guten-meta-readmore icon-position-after\">\n                <a aria-label=\"Read more about Praca z wahad\u0142ami\" href=\"javascript:void(0);\" data-href=\"https:\/\/prostoznieba.eu\/?p=2366\" class=\"guten-readmore\">wi\u0119cej..<i aria-hidden=\"true\" class=\"gtn gtn-chevron-right-light\"><\/i><\/a>\n            <\/div>\n\t\t\t\t\t\t<\/div><\/div>\n                <\/article>\n        <\/div>\n        <\/div><\/div><\/div><\/div><\/div>\n<\/div><\/section><\/div>\n\n\n\n<div class=\"guten-element guten-button-wrapper guten-Gjr5Bo\"><a class=\"guten-button animated guten-element-hide desktop-fadeInUp guten-button-sm\" href=\"#\"><span>Zobacz wi\u0119cej&#8230;<\/span><\/a><\/div>\n<\/div><\/div><\/div>\n<\/div><\/section><\/div>\n","protected":false},"excerpt":{"rendered":"","protected":false},"author":2,"featured_media":1739,"parent":0,"menu_order":0,"comment_status":"closed","ping_status":"closed","template":"","meta":{"_uag_custom_page_level_css":"","advgb_blocks_editor_width":"default","advgb_blocks_columns_visual_guide":"","_kadence_starter_templates_imported_post":false,"_kad_post_transparent":"","_kad_post_title":"","_kad_post_layout":"","_kad_post_sidebar_id":"","_kad_post_content_style":"","_kad_post_vertical_padding":"","_kad_post_feature":"","_kad_post_feature_position":"","_kad_post_header":false,"_kad_post_footer":false,"footnotes":""},"class_list":["post-1757","page","type-page","status-publish","has-post-thumbnail","hentry"],"uagb_featured_image_src":{"full":["https:\/\/prostoznieba.eu\/wp-content\/uploads\/2023\/05\/digital-marketing-coach-template-blog-post-img-1.jpg",1080,720,false],"thumbnail":["https:\/\/prostoznieba.eu\/wp-content\/uploads\/2023\/05\/digital-marketing-coach-template-blog-post-img-1-150x150.jpg",150,150,true],"medium":["https:\/\/prostoznieba.eu\/wp-content\/uploads\/2023\/05\/digital-marketing-coach-template-blog-post-img-1-300x200.jpg",300,200,true],"medium_large":["https:\/\/prostoznieba.eu\/wp-content\/uploads\/2023\/05\/digital-marketing-coach-template-blog-post-img-1-768x512.jpg",768,512,true],"large":["https:\/\/prostoznieba.eu\/wp-content\/uploads\/2023\/05\/digital-marketing-coach-template-blog-post-img-1-1024x683.jpg",1024,683,true],"1536x1536":["https:\/\/prostoznieba.eu\/wp-content\/uploads\/2023\/05\/digital-marketing-coach-template-blog-post-img-1.jpg",1080,720,false],"2048x2048":["https:\/\/prostoznieba.eu\/wp-content\/uploads\/2023\/05\/digital-marketing-coach-template-blog-post-img-1.jpg",1080,720,false]},"uagb_author_info":{"display_name":"Anna","author_link":"https:\/\/prostoznieba.eu\/?author=2"},"uagb_comment_info":0,"uagb_excerpt":null,"coauthors":[],"author_meta":{"author_link":"https:\/\/prostoznieba.eu\/?author=2","display_name":"Anna"},"relative_dates":{"created":"Posted 3 lata ago","modified":"Updated 3 lata ago"},"absolute_dates":{"created":"Posted on 2023-05-07","modified":"Updated on 2023-05-07"},"absolute_dates_time":{"created":"Posted on 2023-05-07 12:10","modified":"Updated on 2023-05-07 12:56"},"featured_img_caption":"","featured_img":"https:\/\/prostoznieba.eu\/wp-content\/uploads\/2023\/05\/digital-marketing-coach-template-blog-post-img-1.jpg","series_order":"","_links":{"self":[{"href":"https:\/\/prostoznieba.eu\/index.php?rest_route=\/wp\/v2\/pages\/1757","targetHints":{"allow":["GET"]}}],"collection":[{"href":"https:\/\/prostoznieba.eu\/index.php?rest_route=\/wp\/v2\/pages"}],"about":[{"href":"https:\/\/prostoznieba.eu\/index.php?rest_route=\/wp\/v2\/types\/page"}],"author":[{"embeddable":true,"href":"https:\/\/prostoznieba.eu\/index.php?rest_route=\/wp\/v2\/users\/2"}],"replies":[{"embeddable":true,"href":"https:\/\/prostoznieba.eu\/index.php?rest_route=%2Fwp%2Fv2%2Fcomments&post=1757"}],"version-history":[{"count":6,"href":"https:\/\/prostoznieba.eu\/index.php?rest_route=\/wp\/v2\/pages\/1757\/revisions"}],"predecessor-version":[{"id":1785,"href":"https:\/\/prostoznieba.eu\/index.php?rest_route=\/wp\/v2\/pages\/1757\/revisions\/1785"}],"wp:featuredmedia":[{"embeddable":true,"href":"https:\/\/prostoznieba.eu\/index.php?rest_route=\/wp\/v2\/media\/1739"}],"wp:attachment":[{"href":"https:\/\/prostoznieba.eu\/index.php?rest_route=%2Fwp%2Fv2%2Fmedia&parent=1757"}],"curies":[{"name":"wp","href":"https:\/\/api.w.org\/{rel}","templated":true}]}}